{"id":2095,"date":"2014-11-18T08:58:30","date_gmt":"2014-11-18T11:58:30","guid":{"rendered":"http:\/\/sindicatopolicial.com.uy\/web\/?page_id=2095"},"modified":"2024-08-07T10:37:03","modified_gmt":"2024-08-07T13:37:03","slug":"representacion-juridica","status":"publish","type":"page","link":"http:\/\/sindicatopolicial.uy\/web\/representacion-juridica\/","title":{"rendered":"Representaci\u00f3n Jur\u00eddica"},"content":{"rendered":"<p><img fetchpriority=\"high\" decoding=\"async\" class=\"aligncenter size-full wp-image-6359\" src=\"http:\/\/sindicatopolicial.uy\/web\/wp-content\/uploads\/2021\/01\/03-ABOGADOS-A-NIVEL-NACIONAL.jpg\" alt=\"\" width=\"1500\" height=\"1973\" srcset=\"http:\/\/sindicatopolicial.uy\/web\/wp-content\/uploads\/2021\/01\/03-ABOGADOS-A-NIVEL-NACIONAL.jpg 1500w, http:\/\/sindicatopolicial.uy\/web\/wp-content\/uploads\/2021\/01\/03-ABOGADOS-A-NIVEL-NACIONAL-251x330.jpg 251w, http:\/\/sindicatopolicial.uy\/web\/wp-content\/uploads\/2021\/01\/03-ABOGADOS-A-NIVEL-NACIONAL-1168x1536.jpg 1168w, http:\/\/sindicatopolicial.uy\/web\/wp-content\/uploads\/2021\/01\/03-ABOGADOS-A-NIVEL-NACIONAL-251x330@2x.jpg 502w\" sizes=\"(max-width: 1500px) 100vw, 1500px\" \/><\/p>\n<p>&nbsp;<\/p>\n<h1>Abogado de Familia tel\u00e9fono: 2409 1167<\/h1>\n<p>El que quiera agendarse para abogado de familia puede hacerlo llamando martes y jueves.&nbsp;<br \/>\nContempla:<br \/>\nDIVORCIO GRATIS<br \/>\nRETENCI\u00d3N GRATIS<br \/>\nQUITA DE RETENCI\u00d3N GRATIS<\/p>\n<p>Sede Mdeo en calle Guayabos 1586 esq Roxlo<\/p>\n","protected":false},"excerpt":{"rendered":"<p>&nbsp; Abogado de Familia tel\u00e9fono: 2409 1167 El que quiera agendarse para abogado de familia<\/p>\n","protected":false},"author":1,"featured_media":0,"parent":0,"menu_order":0,"comment_status":"closed","ping_status":"closed","template":"","meta":{"ngg_post_thumbnail":0,"footnotes":""},"class_list":["post-2095","page","type-page","status-publish","hentry","gallery-content-unit","fancy-gallery-content-unit"],"yoast_head":"<!-- This site is optimized with the Yoast SEO plugin v26.9 - https:\/\/yoast.com\/product\/yoast-seo-wordpress\/ -->\n<title>Representaci\u00f3n Jur\u00eddica - Sindicato \u00danico de Policias del Uruguay (SUPU)<\/title>\n<meta name=\"robots\" content=\"index, follow, max-snippet:-1, max-image-preview:large, max-video-preview:-1\" \/>\n<link rel=\"canonical\" href=\"http:\/\/sindicatopolicial.uy\/web\/representacion-juridica\/\" \/>\n<meta property=\"og:locale\" content=\"es_ES\" \/>\n<meta property=\"og:type\" content=\"article\" \/>\n<meta property=\"og:title\" content=\"Representaci\u00f3n Jur\u00eddica - Sindicato \u00danico de Policias del Uruguay (SUPU)\" \/>\n<meta property=\"og:description\" content=\"&nbsp; Abogado de Familia tel\u00e9fono: 2409 1167 El que quiera agendarse para abogado de familia\" \/>\n<meta property=\"og:url\" content=\"http:\/\/sindicatopolicial.uy\/web\/representacion-juridica\/\" \/>\n<meta property=\"og:site_name\" content=\"Sindicato \u00danico de Policias del Uruguay (SUPU)\" \/>\n<meta property=\"article:modified_time\" content=\"2024-08-07T13:37:03+00:00\" \/>\n<meta property=\"og:image\" content=\"http:\/\/sindicatopolicial.uy\/web\/wp-content\/uploads\/2021\/01\/03-ABOGADOS-A-NIVEL-NACIONAL.jpg\" \/>\n<meta name=\"twitter:card\" content=\"summary_large_image\" \/>\n<meta name=\"twitter:site\" content=\"@directivasupu\" \/>\n<meta name=\"twitter:label1\" content=\"Tiempo de lectura\" \/>\n\t<meta name=\"twitter:data1\" content=\"1 minuto\" \/>\n<script type=\"application\/ld+json\" class=\"yoast-schema-graph\">{\"@context\":\"https:\/\/schema.org\",\"@graph\":[{\"@type\":\"WebPage\",\"@id\":\"http:\/\/sindicatopolicial.uy\/web\/representacion-juridica\/\",\"url\":\"http:\/\/sindicatopolicial.uy\/web\/representacion-juridica\/\",\"name\":\"Representaci\u00f3n Jur\u00eddica - Sindicato \u00danico de Policias del Uruguay (SUPU)\",\"isPartOf\":{\"@id\":\"http:\/\/sindicatopolicial.uy\/web\/#website\"},\"primaryImageOfPage\":{\"@id\":\"http:\/\/sindicatopolicial.uy\/web\/representacion-juridica\/#primaryimage\"},\"image\":{\"@id\":\"http:\/\/sindicatopolicial.uy\/web\/representacion-juridica\/#primaryimage\"},\"thumbnailUrl\":\"http:\/\/sindicatopolicial.uy\/web\/wp-content\/uploads\/2021\/01\/03-ABOGADOS-A-NIVEL-NACIONAL.jpg\",\"datePublished\":\"2014-11-18T11:58:30+00:00\",\"dateModified\":\"2024-08-07T13:37:03+00:00\",\"breadcrumb\":{\"@id\":\"http:\/\/sindicatopolicial.uy\/web\/representacion-juridica\/#breadcrumb\"},\"inLanguage\":\"es\",\"potentialAction\":[{\"@type\":\"ReadAction\",\"target\":[\"http:\/\/sindicatopolicial.uy\/web\/representacion-juridica\/\"]}]},{\"@type\":\"ImageObject\",\"inLanguage\":\"es\",\"@id\":\"http:\/\/sindicatopolicial.uy\/web\/representacion-juridica\/#primaryimage\",\"url\":\"http:\/\/sindicatopolicial.uy\/web\/wp-content\/uploads\/2021\/01\/03-ABOGADOS-A-NIVEL-NACIONAL.jpg\",\"contentUrl\":\"http:\/\/sindicatopolicial.uy\/web\/wp-content\/uploads\/2021\/01\/03-ABOGADOS-A-NIVEL-NACIONAL.jpg\",\"width\":1500,\"height\":1973},{\"@type\":\"BreadcrumbList\",\"@id\":\"http:\/\/sindicatopolicial.uy\/web\/representacion-juridica\/#breadcrumb\",\"itemListElement\":[{\"@type\":\"ListItem\",\"position\":1,\"name\":\"Portada\",\"item\":\"http:\/\/sindicatopolicial.uy\/web\/\"},{\"@type\":\"ListItem\",\"position\":2,\"name\":\"Representaci\u00f3n Jur\u00eddica\"}]},{\"@type\":\"WebSite\",\"@id\":\"http:\/\/sindicatopolicial.uy\/web\/#website\",\"url\":\"http:\/\/sindicatopolicial.uy\/web\/\",\"name\":\"Sindicato \u00danico de Policias del Uruguay (SUPU)\",\"description\":\"Sindicato \u00danico de Policias del Uruguay\",\"publisher\":{\"@id\":\"http:\/\/sindicatopolicial.uy\/web\/#organization\"},\"potentialAction\":[{\"@type\":\"SearchAction\",\"target\":{\"@type\":\"EntryPoint\",\"urlTemplate\":\"http:\/\/sindicatopolicial.uy\/web\/?s={search_term_string}\"},\"query-input\":{\"@type\":\"PropertyValueSpecification\",\"valueRequired\":true,\"valueName\":\"search_term_string\"}}],\"inLanguage\":\"es\"},{\"@type\":\"Organization\",\"@id\":\"http:\/\/sindicatopolicial.uy\/web\/#organization\",\"name\":\"Sindicato \u00danico de Policias del Uruguay\",\"url\":\"http:\/\/sindicatopolicial.uy\/web\/\",\"logo\":{\"@type\":\"ImageObject\",\"inLanguage\":\"es\",\"@id\":\"http:\/\/sindicatopolicial.uy\/web\/#\/schema\/logo\/image\/\",\"url\":\"http:\/\/sindicatopolicial.uy\/web\/wp-content\/uploads\/2013\/07\/logo-supu-300-e1660692515353.png\",\"contentUrl\":\"http:\/\/sindicatopolicial.uy\/web\/wp-content\/uploads\/2013\/07\/logo-supu-300-e1660692515353.png\",\"width\":150,\"height\":150,\"caption\":\"Sindicato \u00danico de Policias del Uruguay\"},\"image\":{\"@id\":\"http:\/\/sindicatopolicial.uy\/web\/#\/schema\/logo\/image\/\"},\"sameAs\":[\"https:\/\/x.com\/directivasupu\"]}]}<\/script>\n<!-- \/ Yoast SEO plugin. -->","yoast_head_json":{"title":"Representaci\u00f3n Jur\u00eddica - Sindicato \u00danico de Policias del Uruguay (SUPU)","robots":{"index":"index","follow":"follow","max-snippet":"max-snippet:-1","max-image-preview":"max-image-preview:large","max-video-preview":"max-video-preview:-1"},"canonical":"http:\/\/sindicatopolicial.uy\/web\/representacion-juridica\/","og_locale":"es_ES","og_type":"article","og_title":"Representaci\u00f3n Jur\u00eddica - Sindicato \u00danico de Policias del Uruguay (SUPU)","og_description":"&nbsp; Abogado de Familia tel\u00e9fono: 2409 1167 El que quiera agendarse para abogado de familia","og_url":"http:\/\/sindicatopolicial.uy\/web\/representacion-juridica\/","og_site_name":"Sindicato \u00danico de Policias del Uruguay (SUPU)","article_modified_time":"2024-08-07T13:37:03+00:00","og_image":[{"url":"http:\/\/sindicatopolicial.uy\/web\/wp-content\/uploads\/2021\/01\/03-ABOGADOS-A-NIVEL-NACIONAL.jpg","type":"","width":"","height":""}],"twitter_card":"summary_large_image","twitter_site":"@directivasupu","twitter_misc":{"Tiempo de lectura":"1 minuto"},"schema":{"@context":"https:\/\/schema.org","@graph":[{"@type":"WebPage","@id":"http:\/\/sindicatopolicial.uy\/web\/representacion-juridica\/","url":"http:\/\/sindicatopolicial.uy\/web\/representacion-juridica\/","name":"Representaci\u00f3n Jur\u00eddica - Sindicato \u00danico de Policias del Uruguay (SUPU)","isPartOf":{"@id":"http:\/\/sindicatopolicial.uy\/web\/#website"},"primaryImageOfPage":{"@id":"http:\/\/sindicatopolicial.uy\/web\/representacion-juridica\/#primaryimage"},"image":{"@id":"http:\/\/sindicatopolicial.uy\/web\/representacion-juridica\/#primaryimage"},"thumbnailUrl":"http:\/\/sindicatopolicial.uy\/web\/wp-content\/uploads\/2021\/01\/03-ABOGADOS-A-NIVEL-NACIONAL.jpg","datePublished":"2014-11-18T11:58:30+00:00","dateModified":"2024-08-07T13:37:03+00:00","breadcrumb":{"@id":"http:\/\/sindicatopolicial.uy\/web\/representacion-juridica\/#breadcrumb"},"inLanguage":"es","potentialAction":[{"@type":"ReadAction","target":["http:\/\/sindicatopolicial.uy\/web\/representacion-juridica\/"]}]},{"@type":"ImageObject","inLanguage":"es","@id":"http:\/\/sindicatopolicial.uy\/web\/representacion-juridica\/#primaryimage","url":"http:\/\/sindicatopolicial.uy\/web\/wp-content\/uploads\/2021\/01\/03-ABOGADOS-A-NIVEL-NACIONAL.jpg","contentUrl":"http:\/\/sindicatopolicial.uy\/web\/wp-content\/uploads\/2021\/01\/03-ABOGADOS-A-NIVEL-NACIONAL.jpg","width":1500,"height":1973},{"@type":"BreadcrumbList","@id":"http:\/\/sindicatopolicial.uy\/web\/representacion-juridica\/#breadcrumb","itemListElement":[{"@type":"ListItem","position":1,"name":"Portada","item":"http:\/\/sindicatopolicial.uy\/web\/"},{"@type":"ListItem","position":2,"name":"Representaci\u00f3n Jur\u00eddica"}]},{"@type":"WebSite","@id":"http:\/\/sindicatopolicial.uy\/web\/#website","url":"http:\/\/sindicatopolicial.uy\/web\/","name":"Sindicato \u00danico de Policias del Uruguay (SUPU)","description":"Sindicato \u00danico de Policias del Uruguay","publisher":{"@id":"http:\/\/sindicatopolicial.uy\/web\/#organization"},"potentialAction":[{"@type":"SearchAction","target":{"@type":"EntryPoint","urlTemplate":"http:\/\/sindicatopolicial.uy\/web\/?s={search_term_string}"},"query-input":{"@type":"PropertyValueSpecification","valueRequired":true,"valueName":"search_term_string"}}],"inLanguage":"es"},{"@type":"Organization","@id":"http:\/\/sindicatopolicial.uy\/web\/#organization","name":"Sindicato \u00danico de Policias del Uruguay","url":"http:\/\/sindicatopolicial.uy\/web\/","logo":{"@type":"ImageObject","inLanguage":"es","@id":"http:\/\/sindicatopolicial.uy\/web\/#\/schema\/logo\/image\/","url":"http:\/\/sindicatopolicial.uy\/web\/wp-content\/uploads\/2013\/07\/logo-supu-300-e1660692515353.png","contentUrl":"http:\/\/sindicatopolicial.uy\/web\/wp-content\/uploads\/2013\/07\/logo-supu-300-e1660692515353.png","width":150,"height":150,"caption":"Sindicato \u00danico de Policias del Uruguay"},"image":{"@id":"http:\/\/sindicatopolicial.uy\/web\/#\/schema\/logo\/image\/"},"sameAs":["https:\/\/x.com\/directivasupu"]}]}},"_links":{"self":[{"href":"http:\/\/sindicatopolicial.uy\/web\/wp-json\/wp\/v2\/pages\/2095","targetHints":{"allow":["GET"]}}],"collection":[{"href":"http:\/\/sindicatopolicial.uy\/web\/wp-json\/wp\/v2\/pages"}],"about":[{"href":"http:\/\/sindicatopolicial.uy\/web\/wp-json\/wp\/v2\/types\/page"}],"author":[{"embeddable":true,"href":"http:\/\/sindicatopolicial.uy\/web\/wp-json\/wp\/v2\/users\/1"}],"replies":[{"embeddable":true,"href":"http:\/\/sindicatopolicial.uy\/web\/wp-json\/wp\/v2\/comments?post=2095"}],"version-history":[{"count":8,"href":"http:\/\/sindicatopolicial.uy\/web\/wp-json\/wp\/v2\/pages\/2095\/revisions"}],"predecessor-version":[{"id":7627,"href":"http:\/\/sindicatopolicial.uy\/web\/wp-json\/wp\/v2\/pages\/2095\/revisions\/7627"}],"wp:attachment":[{"href":"http:\/\/sindicatopolicial.uy\/web\/wp-json\/wp\/v2\/media?parent=2095"}],"curies":[{"name":"wp","href":"https:\/\/api.w.org\/{rel}","templated":true}]}}