{"id":31,"date":"2013-08-01T19:34:03","date_gmt":"2013-08-01T22:34:03","guid":{"rendered":"http:\/\/sindicatopolicial.com.uy\/web\/?page_id=31"},"modified":"2022-08-23T20:12:38","modified_gmt":"2022-08-23T23:12:38","slug":"acerca-del-sindicato","status":"publish","type":"page","link":"http:\/\/sindicatopolicial.uy\/web\/acerca-del-sindicato\/","title":{"rendered":"Acerca del sindicato"},"content":{"rendered":"<p><strong>SOCIEDAD DE FUNCIONARIOS POLICIALES EN ACTIVIDAD Y RETIRO DE LA ADMINISTRACION CENTRAL- SINDICATO POLICIAL (S.U.P.U.)<\/strong><\/p>\n<p>Personer\u00eda Jur\u00eddica 10266, registrada en M.E.C. libro 18 Folio 236, para todo el Territorio de la Rep\u00fablica Oriental del Uruguay.-<\/p>\n<h3>Independiente, Apartidista y Apol\u00edtico<\/h3>\n<p>Desde sus inicios en 2004, a la fecha ha ido evolucionando en un proceso interno muy fuerte, pero continuo creciendo, estructur\u00e1ndose, se puede decir esta moldeado a fuego.-<\/p>\n<p>Ha participado de las acciones de mayores logros de los sindicatos Policiales, estamos construyendo la historia mediante cuadernolas de m\u00e1s 160 hojas cada una con la documentaci\u00f3n original, conflictos, marchas, denuncias ante la OIT contra el estado, acciones de amparos, denuncias contra la corrupci\u00f3n, denuncias contra la violaci\u00f3n de los derechos y condiciones ambientales de trabajo del Polic\u00eda, a continuaci\u00f3n a futuro iremos mostrando nuestro trabajo y los protagonistas.-<\/p>\n<p>Nuestra bandera, hermosa por cierto fue creada por un representante de Rio Negro para su departamento, pero la adoptamos a partir de ah\u00ed para el Sindicato a nivel nacional<\/p>\n","protected":false},"excerpt":{"rendered":"<p>SOCIEDAD DE FUNCIONARIOS POLICIALES EN ACTIVIDAD Y RETIRO DE LA ADMINISTRACION CENTRAL- SINDICATO POLICIAL (S.U.P.U.)<\/p>\n","protected":false},"author":1,"featured_media":0,"parent":0,"menu_order":0,"comment_status":"closed","ping_status":"open","template":"","meta":{"ngg_post_thumbnail":0,"footnotes":""},"class_list":["post-31","page","type-page","status-publish","hentry","gallery-content-unit","fancy-gallery-content-unit"],"yoast_head":"<!-- This site is optimized with the Yoast SEO plugin v26.9 - https:\/\/yoast.com\/product\/yoast-seo-wordpress\/ -->\n<title>Acerca del sindicato - Sindicato \u00danico de Policias del Uruguay (SUPU)<\/title>\n<meta name=\"robots\" content=\"index, follow, max-snippet:-1, max-image-preview:large, max-video-preview:-1\" \/>\n<link rel=\"canonical\" href=\"http:\/\/sindicatopolicial.uy\/web\/acerca-del-sindicato\/\" \/>\n<meta property=\"og:locale\" content=\"es_ES\" \/>\n<meta property=\"og:type\" content=\"article\" \/>\n<meta property=\"og:title\" content=\"Acerca del sindicato - Sindicato \u00danico de Policias del Uruguay (SUPU)\" \/>\n<meta property=\"og:description\" content=\"SOCIEDAD DE FUNCIONARIOS POLICIALES EN ACTIVIDAD Y RETIRO DE LA ADMINISTRACION CENTRAL- SINDICATO POLICIAL (S.U.P.U.)\" \/>\n<meta property=\"og:url\" content=\"http:\/\/sindicatopolicial.uy\/web\/acerca-del-sindicato\/\" \/>\n<meta property=\"og:site_name\" content=\"Sindicato \u00danico de Policias del Uruguay (SUPU)\" \/>\n<meta property=\"article:modified_time\" content=\"2022-08-23T23:12:38+00:00\" \/>\n<meta name=\"twitter:card\" content=\"summary_large_image\" \/>\n<meta name=\"twitter:site\" content=\"@directivasupu\" \/>\n<meta name=\"twitter:label1\" content=\"Tiempo de lectura\" \/>\n\t<meta name=\"twitter:data1\" content=\"1 minuto\" \/>\n<script type=\"application\/ld+json\" class=\"yoast-schema-graph\">{\"@context\":\"https:\/\/schema.org\",\"@graph\":[{\"@type\":\"WebPage\",\"@id\":\"http:\/\/sindicatopolicial.uy\/web\/acerca-del-sindicato\/\",\"url\":\"http:\/\/sindicatopolicial.uy\/web\/acerca-del-sindicato\/\",\"name\":\"Acerca del sindicato - Sindicato \u00danico de Policias del Uruguay (SUPU)\",\"isPartOf\":{\"@id\":\"http:\/\/sindicatopolicial.uy\/web\/#website\"},\"datePublished\":\"2013-08-01T22:34:03+00:00\",\"dateModified\":\"2022-08-23T23:12:38+00:00\",\"breadcrumb\":{\"@id\":\"http:\/\/sindicatopolicial.uy\/web\/acerca-del-sindicato\/#breadcrumb\"},\"inLanguage\":\"es\",\"potentialAction\":[{\"@type\":\"ReadAction\",\"target\":[\"http:\/\/sindicatopolicial.uy\/web\/acerca-del-sindicato\/\"]}]},{\"@type\":\"BreadcrumbList\",\"@id\":\"http:\/\/sindicatopolicial.uy\/web\/acerca-del-sindicato\/#breadcrumb\",\"itemListElement\":[{\"@type\":\"ListItem\",\"position\":1,\"name\":\"Portada\",\"item\":\"http:\/\/sindicatopolicial.uy\/web\/\"},{\"@type\":\"ListItem\",\"position\":2,\"name\":\"Acerca del sindicato\"}]},{\"@type\":\"WebSite\",\"@id\":\"http:\/\/sindicatopolicial.uy\/web\/#website\",\"url\":\"http:\/\/sindicatopolicial.uy\/web\/\",\"name\":\"Sindicato \u00danico de Policias del Uruguay (SUPU)\",\"description\":\"Sindicato \u00danico de Policias del Uruguay\",\"publisher\":{\"@id\":\"http:\/\/sindicatopolicial.uy\/web\/#organization\"},\"potentialAction\":[{\"@type\":\"SearchAction\",\"target\":{\"@type\":\"EntryPoint\",\"urlTemplate\":\"http:\/\/sindicatopolicial.uy\/web\/?s={search_term_string}\"},\"query-input\":{\"@type\":\"PropertyValueSpecification\",\"valueRequired\":true,\"valueName\":\"search_term_string\"}}],\"inLanguage\":\"es\"},{\"@type\":\"Organization\",\"@id\":\"http:\/\/sindicatopolicial.uy\/web\/#organization\",\"name\":\"Sindicato \u00danico de Policias del Uruguay\",\"url\":\"http:\/\/sindicatopolicial.uy\/web\/\",\"logo\":{\"@type\":\"ImageObject\",\"inLanguage\":\"es\",\"@id\":\"http:\/\/sindicatopolicial.uy\/web\/#\/schema\/logo\/image\/\",\"url\":\"http:\/\/sindicatopolicial.uy\/web\/wp-content\/uploads\/2013\/07\/logo-supu-300-e1660692515353.png\",\"contentUrl\":\"http:\/\/sindicatopolicial.uy\/web\/wp-content\/uploads\/2013\/07\/logo-supu-300-e1660692515353.png\",\"width\":150,\"height\":150,\"caption\":\"Sindicato \u00danico de Policias del Uruguay\"},\"image\":{\"@id\":\"http:\/\/sindicatopolicial.uy\/web\/#\/schema\/logo\/image\/\"},\"sameAs\":[\"https:\/\/x.com\/directivasupu\"]}]}<\/script>\n<!-- \/ Yoast SEO plugin. -->","yoast_head_json":{"title":"Acerca del sindicato - Sindicato \u00danico de Policias del Uruguay (SUPU)","robots":{"index":"index","follow":"follow","max-snippet":"max-snippet:-1","max-image-preview":"max-image-preview:large","max-video-preview":"max-video-preview:-1"},"canonical":"http:\/\/sindicatopolicial.uy\/web\/acerca-del-sindicato\/","og_locale":"es_ES","og_type":"article","og_title":"Acerca del sindicato - Sindicato \u00danico de Policias del Uruguay (SUPU)","og_description":"SOCIEDAD DE FUNCIONARIOS POLICIALES EN ACTIVIDAD Y RETIRO DE LA ADMINISTRACION CENTRAL- SINDICATO POLICIAL (S.U.P.U.)","og_url":"http:\/\/sindicatopolicial.uy\/web\/acerca-del-sindicato\/","og_site_name":"Sindicato \u00danico de Policias del Uruguay (SUPU)","article_modified_time":"2022-08-23T23:12:38+00:00","twitter_card":"summary_large_image","twitter_site":"@directivasupu","twitter_misc":{"Tiempo de lectura":"1 minuto"},"schema":{"@context":"https:\/\/schema.org","@graph":[{"@type":"WebPage","@id":"http:\/\/sindicatopolicial.uy\/web\/acerca-del-sindicato\/","url":"http:\/\/sindicatopolicial.uy\/web\/acerca-del-sindicato\/","name":"Acerca del sindicato - Sindicato \u00danico de Policias del Uruguay (SUPU)","isPartOf":{"@id":"http:\/\/sindicatopolicial.uy\/web\/#website"},"datePublished":"2013-08-01T22:34:03+00:00","dateModified":"2022-08-23T23:12:38+00:00","breadcrumb":{"@id":"http:\/\/sindicatopolicial.uy\/web\/acerca-del-sindicato\/#breadcrumb"},"inLanguage":"es","potentialAction":[{"@type":"ReadAction","target":["http:\/\/sindicatopolicial.uy\/web\/acerca-del-sindicato\/"]}]},{"@type":"BreadcrumbList","@id":"http:\/\/sindicatopolicial.uy\/web\/acerca-del-sindicato\/#breadcrumb","itemListElement":[{"@type":"ListItem","position":1,"name":"Portada","item":"http:\/\/sindicatopolicial.uy\/web\/"},{"@type":"ListItem","position":2,"name":"Acerca del sindicato"}]},{"@type":"WebSite","@id":"http:\/\/sindicatopolicial.uy\/web\/#website","url":"http:\/\/sindicatopolicial.uy\/web\/","name":"Sindicato \u00danico de Policias del Uruguay (SUPU)","description":"Sindicato \u00danico de Policias del Uruguay","publisher":{"@id":"http:\/\/sindicatopolicial.uy\/web\/#organization"},"potentialAction":[{"@type":"SearchAction","target":{"@type":"EntryPoint","urlTemplate":"http:\/\/sindicatopolicial.uy\/web\/?s={search_term_string}"},"query-input":{"@type":"PropertyValueSpecification","valueRequired":true,"valueName":"search_term_string"}}],"inLanguage":"es"},{"@type":"Organization","@id":"http:\/\/sindicatopolicial.uy\/web\/#organization","name":"Sindicato \u00danico de Policias del Uruguay","url":"http:\/\/sindicatopolicial.uy\/web\/","logo":{"@type":"ImageObject","inLanguage":"es","@id":"http:\/\/sindicatopolicial.uy\/web\/#\/schema\/logo\/image\/","url":"http:\/\/sindicatopolicial.uy\/web\/wp-content\/uploads\/2013\/07\/logo-supu-300-e1660692515353.png","contentUrl":"http:\/\/sindicatopolicial.uy\/web\/wp-content\/uploads\/2013\/07\/logo-supu-300-e1660692515353.png","width":150,"height":150,"caption":"Sindicato \u00danico de Policias del Uruguay"},"image":{"@id":"http:\/\/sindicatopolicial.uy\/web\/#\/schema\/logo\/image\/"},"sameAs":["https:\/\/x.com\/directivasupu"]}]}},"_links":{"self":[{"href":"http:\/\/sindicatopolicial.uy\/web\/wp-json\/wp\/v2\/pages\/31","targetHints":{"allow":["GET"]}}],"collection":[{"href":"http:\/\/sindicatopolicial.uy\/web\/wp-json\/wp\/v2\/pages"}],"about":[{"href":"http:\/\/sindicatopolicial.uy\/web\/wp-json\/wp\/v2\/types\/page"}],"author":[{"embeddable":true,"href":"http:\/\/sindicatopolicial.uy\/web\/wp-json\/wp\/v2\/users\/1"}],"replies":[{"embeddable":true,"href":"http:\/\/sindicatopolicial.uy\/web\/wp-json\/wp\/v2\/comments?post=31"}],"version-history":[{"count":2,"href":"http:\/\/sindicatopolicial.uy\/web\/wp-json\/wp\/v2\/pages\/31\/revisions"}],"predecessor-version":[{"id":588,"href":"http:\/\/sindicatopolicial.uy\/web\/wp-json\/wp\/v2\/pages\/31\/revisions\/588"}],"wp:attachment":[{"href":"http:\/\/sindicatopolicial.uy\/web\/wp-json\/wp\/v2\/media?parent=31"}],"curies":[{"name":"wp","href":"https:\/\/api.w.org\/{rel}","templated":true}]}}