{"id":3017,"date":"2015-09-21T21:29:41","date_gmt":"2015-09-22T00:29:41","guid":{"rendered":"http:\/\/sindicatopolicial.com.uy\/web\/?page_id=3017"},"modified":"2024-07-12T14:49:04","modified_gmt":"2024-07-12T17:49:04","slug":"te-escuchamos","status":"publish","type":"page","link":"https:\/\/sindicatopolicial.uy\/web\/te-escuchamos\/","title":{"rendered":"Te escuchamos"},"content":{"rendered":"<p>Ponemos a vuestra disposici\u00f3n este espacio para el caso que consideres pedir ayuda al Sindicato, como socio del mismo, lo que nos env\u00edas tendr\u00e1 la m\u00e1xima reserva, tenemos la experiencia de muchos a\u00f1os protegiendo la fuente.-<br \/>\nAnte la duda puedes consultar a los Dirigentes a nivel Nacional y Departamental.<br \/>\nNo olvidar los Polic\u00edas que siempre precisamos lo m\u00e1ximo en pruebas, y cualquier ciudadano las tenga en otros hechos, que nos involucre a la Fuerza.-<br \/>\nUTILIZA BIEN ESTA HERRAMIENTA.-<\/p>\n<p>Completando este formulario puedes env\u00edar informaci\u00f3n de forma CONFIDENCIAL.<\/p>\n\n<div class=\"wpcf7 no-js\" id=\"wpcf7-f3014-o1\" lang=\"es-ES\" dir=\"ltr\" data-wpcf7-id=\"3014\">\n<div class=\"screen-reader-response\"><p role=\"status\" aria-live=\"polite\" aria-atomic=\"true\"><\/p> <ul><\/ul><\/div>\n<form action=\"\/web\/wp-json\/wp\/v2\/pages\/3017#wpcf7-f3014-o1\" method=\"post\" class=\"wpcf7-form init\" aria-label=\"Formulario de contacto\" enctype=\"multipart\/form-data\" novalidate=\"novalidate\" data-status=\"init\">\n<fieldset class=\"hidden-fields-container\"><input type=\"hidden\" name=\"_wpcf7\" value=\"3014\" \/><input type=\"hidden\" name=\"_wpcf7_version\" value=\"6.1.5\" \/><input type=\"hidden\" name=\"_wpcf7_locale\" value=\"es_ES\" \/><input type=\"hidden\" name=\"_wpcf7_unit_tag\" value=\"wpcf7-f3014-o1\" \/><input type=\"hidden\" name=\"_wpcf7_container_post\" value=\"0\" \/><input type=\"hidden\" name=\"_wpcf7_posted_data_hash\" value=\"\" \/>\n<\/fieldset>\n<p>Nombre (requerido)\n<\/p>\n<p><span class=\"wpcf7-form-control-wrap\" data-name=\"your-name\"><input size=\"40\" maxlength=\"400\" class=\"wpcf7-form-control wpcf7-text wpcf7-validates-as-required\" aria-required=\"true\" aria-invalid=\"false\" value=\"\" type=\"text\" name=\"your-name\" \/><\/span>\n<\/p>\n<p>Correo electr\u00f3nico (requerido)\n<\/p>\n<p><span class=\"wpcf7-form-control-wrap\" data-name=\"your-email\"><input size=\"40\" maxlength=\"400\" class=\"wpcf7-form-control wpcf7-email wpcf7-validates-as-required wpcf7-text wpcf7-validates-as-email\" aria-required=\"true\" aria-invalid=\"false\" value=\"\" type=\"email\" name=\"your-email\" \/><\/span>\n<\/p>\n<p>Asunto\n<\/p>\n<p><span class=\"wpcf7-form-control-wrap\" data-name=\"your-subject\"><input size=\"40\" maxlength=\"400\" class=\"wpcf7-form-control wpcf7-text\" aria-invalid=\"false\" value=\"\" type=\"text\" name=\"your-subject\" \/><\/span>\n<\/p>\n<p>Adjuntar archivo o documento:\n<\/p>\n<p><span class=\"wpcf7-form-control-wrap\" data-name=\"file-323\"><input size=\"40\" class=\"wpcf7-form-control wpcf7-file\" accept=\"audio\/*,video\/*,image\/*\" aria-invalid=\"false\" type=\"file\" name=\"file-323\" \/><\/span>\n<\/p>\n<p>Mensaje\n<\/p>\n<p><span class=\"wpcf7-form-control-wrap\" data-name=\"your-message\"><textarea cols=\"40\" rows=\"10\" maxlength=\"2000\" class=\"wpcf7-form-control wpcf7-textarea\" aria-invalid=\"false\" name=\"your-message\"><\/textarea><\/span>\n<\/p>\n<p><input class=\"wpcf7-form-control wpcf7-submit has-spinner\" type=\"submit\" value=\"Enviar\" \/>\n<\/p><p style=\"display: none !important;\" class=\"akismet-fields-container\" data-prefix=\"_wpcf7_ak_\"><label>&#916;<textarea name=\"_wpcf7_ak_hp_textarea\" cols=\"45\" rows=\"8\" maxlength=\"100\"><\/textarea><\/label><input type=\"hidden\" id=\"ak_js_1\" name=\"_wpcf7_ak_js\" value=\"15\"\/><script>document.getElementById( \"ak_js_1\" ).setAttribute( \"value\", ( new Date() ).getTime() );<\/script><\/p><input type='hidden' class='wpcf7-pum' value='{\"closepopup\":false,\"closedelay\":0,\"openpopup\":false,\"openpopup_id\":0}' \/><div class=\"wpcf7-response-output\" aria-hidden=\"true\"><\/div>\n<\/form>\n<\/div>\n\n","protected":false},"excerpt":{"rendered":"<p>Ponemos a vuestra disposici\u00f3n este espacio para el caso que consideres pedir ayuda al Sindicato,<\/p>\n","protected":false},"author":1,"featured_media":0,"parent":0,"menu_order":0,"comment_status":"closed","ping_status":"closed","template":"","meta":{"ngg_post_thumbnail":0,"footnotes":""},"class_list":["post-3017","page","type-page","status-publish","hentry","gallery-content-unit","fancy-gallery-content-unit"],"yoast_head":"<!-- This site is optimized with the Yoast SEO plugin v26.9 - https:\/\/yoast.com\/product\/yoast-seo-wordpress\/ -->\n<title>Te escuchamos - Sindicato \u00danico de Policias del Uruguay (SUPU)<\/title>\n<meta name=\"robots\" content=\"index, follow, max-snippet:-1, max-image-preview:large, max-video-preview:-1\" \/>\n<link rel=\"canonical\" href=\"http:\/\/sindicatopolicial.uy\/web\/te-escuchamos\/\" \/>\n<meta property=\"og:locale\" content=\"es_ES\" \/>\n<meta property=\"og:type\" content=\"article\" \/>\n<meta property=\"og:title\" content=\"Te escuchamos - Sindicato \u00danico de Policias del Uruguay (SUPU)\" \/>\n<meta property=\"og:description\" content=\"Ponemos a vuestra disposici\u00f3n este espacio para el caso que consideres pedir ayuda al Sindicato,\" \/>\n<meta property=\"og:url\" content=\"http:\/\/sindicatopolicial.uy\/web\/te-escuchamos\/\" \/>\n<meta property=\"og:site_name\" content=\"Sindicato \u00danico de Policias del Uruguay (SUPU)\" \/>\n<meta property=\"article:modified_time\" content=\"2024-07-12T17:49:04+00:00\" \/>\n<meta name=\"twitter:card\" content=\"summary_large_image\" \/>\n<meta name=\"twitter:site\" content=\"@directivasupu\" \/>\n<meta name=\"twitter:label1\" content=\"Tiempo de lectura\" \/>\n\t<meta name=\"twitter:data1\" content=\"1 minuto\" \/>\n<script type=\"application\/ld+json\" class=\"yoast-schema-graph\">{\"@context\":\"https:\/\/schema.org\",\"@graph\":[{\"@type\":\"WebPage\",\"@id\":\"http:\/\/sindicatopolicial.uy\/web\/te-escuchamos\/\",\"url\":\"http:\/\/sindicatopolicial.uy\/web\/te-escuchamos\/\",\"name\":\"Te escuchamos - Sindicato \u00danico de Policias del Uruguay (SUPU)\",\"isPartOf\":{\"@id\":\"http:\/\/sindicatopolicial.uy\/web\/#website\"},\"datePublished\":\"2015-09-22T00:29:41+00:00\",\"dateModified\":\"2024-07-12T17:49:04+00:00\",\"breadcrumb\":{\"@id\":\"http:\/\/sindicatopolicial.uy\/web\/te-escuchamos\/#breadcrumb\"},\"inLanguage\":\"es\",\"potentialAction\":[{\"@type\":\"ReadAction\",\"target\":[\"http:\/\/sindicatopolicial.uy\/web\/te-escuchamos\/\"]}]},{\"@type\":\"BreadcrumbList\",\"@id\":\"http:\/\/sindicatopolicial.uy\/web\/te-escuchamos\/#breadcrumb\",\"itemListElement\":[{\"@type\":\"ListItem\",\"position\":1,\"name\":\"Portada\",\"item\":\"http:\/\/sindicatopolicial.uy\/web\/\"},{\"@type\":\"ListItem\",\"position\":2,\"name\":\"Te escuchamos\"}]},{\"@type\":\"WebSite\",\"@id\":\"http:\/\/sindicatopolicial.uy\/web\/#website\",\"url\":\"http:\/\/sindicatopolicial.uy\/web\/\",\"name\":\"Sindicato \u00danico de Policias del Uruguay (SUPU)\",\"description\":\"Sindicato \u00danico de Policias del Uruguay\",\"publisher\":{\"@id\":\"http:\/\/sindicatopolicial.uy\/web\/#organization\"},\"potentialAction\":[{\"@type\":\"SearchAction\",\"target\":{\"@type\":\"EntryPoint\",\"urlTemplate\":\"http:\/\/sindicatopolicial.uy\/web\/?s={search_term_string}\"},\"query-input\":{\"@type\":\"PropertyValueSpecification\",\"valueRequired\":true,\"valueName\":\"search_term_string\"}}],\"inLanguage\":\"es\"},{\"@type\":\"Organization\",\"@id\":\"http:\/\/sindicatopolicial.uy\/web\/#organization\",\"name\":\"Sindicato \u00danico de Policias del Uruguay\",\"url\":\"http:\/\/sindicatopolicial.uy\/web\/\",\"logo\":{\"@type\":\"ImageObject\",\"inLanguage\":\"es\",\"@id\":\"http:\/\/sindicatopolicial.uy\/web\/#\/schema\/logo\/image\/\",\"url\":\"https:\/\/sindicatopolicial.uy\/web\/wp-content\/uploads\/2013\/07\/logo-supu-300-e1660692515353.png\",\"contentUrl\":\"https:\/\/sindicatopolicial.uy\/web\/wp-content\/uploads\/2013\/07\/logo-supu-300-e1660692515353.png\",\"width\":150,\"height\":150,\"caption\":\"Sindicato \u00danico de Policias del Uruguay\"},\"image\":{\"@id\":\"http:\/\/sindicatopolicial.uy\/web\/#\/schema\/logo\/image\/\"},\"sameAs\":[\"https:\/\/x.com\/directivasupu\"]}]}<\/script>\n<!-- \/ Yoast SEO plugin. -->","yoast_head_json":{"title":"Te escuchamos - Sindicato \u00danico de Policias del Uruguay (SUPU)","robots":{"index":"index","follow":"follow","max-snippet":"max-snippet:-1","max-image-preview":"max-image-preview:large","max-video-preview":"max-video-preview:-1"},"canonical":"http:\/\/sindicatopolicial.uy\/web\/te-escuchamos\/","og_locale":"es_ES","og_type":"article","og_title":"Te escuchamos - Sindicato \u00danico de Policias del Uruguay (SUPU)","og_description":"Ponemos a vuestra disposici\u00f3n este espacio para el caso que consideres pedir ayuda al Sindicato,","og_url":"http:\/\/sindicatopolicial.uy\/web\/te-escuchamos\/","og_site_name":"Sindicato \u00danico de Policias del Uruguay (SUPU)","article_modified_time":"2024-07-12T17:49:04+00:00","twitter_card":"summary_large_image","twitter_site":"@directivasupu","twitter_misc":{"Tiempo de lectura":"1 minuto"},"schema":{"@context":"https:\/\/schema.org","@graph":[{"@type":"WebPage","@id":"http:\/\/sindicatopolicial.uy\/web\/te-escuchamos\/","url":"http:\/\/sindicatopolicial.uy\/web\/te-escuchamos\/","name":"Te escuchamos - Sindicato \u00danico de Policias del Uruguay (SUPU)","isPartOf":{"@id":"http:\/\/sindicatopolicial.uy\/web\/#website"},"datePublished":"2015-09-22T00:29:41+00:00","dateModified":"2024-07-12T17:49:04+00:00","breadcrumb":{"@id":"http:\/\/sindicatopolicial.uy\/web\/te-escuchamos\/#breadcrumb"},"inLanguage":"es","potentialAction":[{"@type":"ReadAction","target":["http:\/\/sindicatopolicial.uy\/web\/te-escuchamos\/"]}]},{"@type":"BreadcrumbList","@id":"http:\/\/sindicatopolicial.uy\/web\/te-escuchamos\/#breadcrumb","itemListElement":[{"@type":"ListItem","position":1,"name":"Portada","item":"http:\/\/sindicatopolicial.uy\/web\/"},{"@type":"ListItem","position":2,"name":"Te escuchamos"}]},{"@type":"WebSite","@id":"http:\/\/sindicatopolicial.uy\/web\/#website","url":"http:\/\/sindicatopolicial.uy\/web\/","name":"Sindicato \u00danico de Policias del Uruguay (SUPU)","description":"Sindicato \u00danico de Policias del Uruguay","publisher":{"@id":"http:\/\/sindicatopolicial.uy\/web\/#organization"},"potentialAction":[{"@type":"SearchAction","target":{"@type":"EntryPoint","urlTemplate":"http:\/\/sindicatopolicial.uy\/web\/?s={search_term_string}"},"query-input":{"@type":"PropertyValueSpecification","valueRequired":true,"valueName":"search_term_string"}}],"inLanguage":"es"},{"@type":"Organization","@id":"http:\/\/sindicatopolicial.uy\/web\/#organization","name":"Sindicato \u00danico de Policias del Uruguay","url":"http:\/\/sindicatopolicial.uy\/web\/","logo":{"@type":"ImageObject","inLanguage":"es","@id":"http:\/\/sindicatopolicial.uy\/web\/#\/schema\/logo\/image\/","url":"https:\/\/sindicatopolicial.uy\/web\/wp-content\/uploads\/2013\/07\/logo-supu-300-e1660692515353.png","contentUrl":"https:\/\/sindicatopolicial.uy\/web\/wp-content\/uploads\/2013\/07\/logo-supu-300-e1660692515353.png","width":150,"height":150,"caption":"Sindicato \u00danico de Policias del Uruguay"},"image":{"@id":"http:\/\/sindicatopolicial.uy\/web\/#\/schema\/logo\/image\/"},"sameAs":["https:\/\/x.com\/directivasupu"]}]}},"_links":{"self":[{"href":"https:\/\/sindicatopolicial.uy\/web\/wp-json\/wp\/v2\/pages\/3017","targetHints":{"allow":["GET"]}}],"collection":[{"href":"https:\/\/sindicatopolicial.uy\/web\/wp-json\/wp\/v2\/pages"}],"about":[{"href":"https:\/\/sindicatopolicial.uy\/web\/wp-json\/wp\/v2\/types\/page"}],"author":[{"embeddable":true,"href":"https:\/\/sindicatopolicial.uy\/web\/wp-json\/wp\/v2\/users\/1"}],"replies":[{"embeddable":true,"href":"https:\/\/sindicatopolicial.uy\/web\/wp-json\/wp\/v2\/comments?post=3017"}],"version-history":[{"count":3,"href":"https:\/\/sindicatopolicial.uy\/web\/wp-json\/wp\/v2\/pages\/3017\/revisions"}],"predecessor-version":[{"id":7620,"href":"https:\/\/sindicatopolicial.uy\/web\/wp-json\/wp\/v2\/pages\/3017\/revisions\/7620"}],"wp:attachment":[{"href":"https:\/\/sindicatopolicial.uy\/web\/wp-json\/wp\/v2\/media?parent=3017"}],"curies":[{"name":"wp","href":"https:\/\/api.w.org\/{rel}","templated":true}]}}