{"id":35,"date":"2013-08-01T19:38:20","date_gmt":"2013-08-01T22:38:20","guid":{"rendered":"http:\/\/sindicatopolicial.com.uy\/web\/?page_id=35"},"modified":"2022-08-23T20:32:15","modified_gmt":"2022-08-23T23:32:15","slug":"links","status":"publish","type":"page","link":"https:\/\/sindicatopolicial.uy\/web\/links\/","title":{"rendered":"Links"},"content":{"rendered":"<h3>Trabajadores Policiales y penitenciarios de Am\u00e9rica latina<\/h3>\n<p><strong>Sitio oficial CTPPL<br \/>\n<\/strong><a href=\"http:\/\/www.ctppl.org\">www.ctppl.org<\/a><\/p>\n<p><strong>Federaci\u00f3n Argentina<br \/>\n<\/strong><a href=\"http:\/\/www.fasipp.org.ar\" target=\"_blank\" rel=\"noopener\">www.fasipp.org.ar<\/a><\/p>\n<p><strong>Polic\u00eda Civil Brasile\u00f1a<br \/>\n<\/strong><a href=\"http:\/\/www.ugeirm.com.br\/\" target=\"_blank\" rel=\"noopener\">www.ugeirm.com.br<\/a><\/p>\n<p><strong>Polc\u00eda Latina de Nueva York<br \/>\n<\/strong><a href=\"http:\/\/www.apprex.org\/\" target=\"_blank\" rel=\"noopener\">www.apprex.org<\/a><\/p>\n<p><strong>Penitenciarios Chile<br \/>\n<\/strong><a href=\"http:\/\/www.anfup.cl\" target=\"_blank\" rel=\"noopener\">www.anfup.cl<\/a><\/p>\n<p><strong>Asociaci\u00f3n Dr. Miguel Ragone por la Verdad, la Memoria y la Justicia<\/strong><br \/>\n<a href=\"http:\/\/miguelragone.blogspot.com\/\" target=\"_blank\" rel=\"noopener\">http:\/\/miguelragone.blogspot.com\/<\/a><\/p>\n<p><strong>Ragone x Ragone la militancia hoy.<\/strong><br \/>\n<a href=\"http:\/\/fernandoragone.blogspot.com.ar\/\" target=\"_blank\" rel=\"noopener\">http:\/\/fernandoragone.blogspot.com.ar\/<\/a><\/p>\n<p><strong>Programa de Desarrollo Territorial Ministerio de Seguridad Salta<\/strong><br \/>\n<a href=\"http:\/\/plandesarrolloterritorial.blogspot.com\/\" target=\"_blank\" rel=\"noopener\"> http:\/\/plandesarrolloterritorial.blogspot.com<\/a><\/p>\n<p><strong>Omar Alberto DELGADO OJEDA<\/strong><br \/>\nPrevencionista Forestal<br \/>\nGesti\u00f3n Forestal<br \/>\n<a href=\"http:\/\/omardelgadoprevforestal.jimdo.com\/\" target=\"_blank\" rel=\"noopener\"> http:\/\/omardelgadoprevforestal.jimdo.com\/<\/a><\/p>\n","protected":false},"excerpt":{"rendered":"<p>Trabajadores Policiales y penitenciarios de Am\u00e9rica latina Sitio oficial CTPPL www.ctppl.org Federaci\u00f3n Argentina www.fasipp.org.ar Polic\u00eda<\/p>\n","protected":false},"author":1,"featured_media":0,"parent":0,"menu_order":0,"comment_status":"closed","ping_status":"closed","template":"","meta":{"ngg_post_thumbnail":0,"footnotes":""},"class_list":["post-35","page","type-page","status-publish","hentry","gallery-content-unit","fancy-gallery-content-unit"],"yoast_head":"<!-- This site is optimized with the Yoast SEO plugin v26.9 - https:\/\/yoast.com\/product\/yoast-seo-wordpress\/ -->\n<title>Links - Sindicato \u00danico de Policias del Uruguay (SUPU)<\/title>\n<meta name=\"description\" content=\"Enlaces a sitios de inter\u00e9s.\" \/>\n<meta name=\"robots\" content=\"index, follow, max-snippet:-1, max-image-preview:large, max-video-preview:-1\" \/>\n<link rel=\"canonical\" href=\"http:\/\/sindicatopolicial.uy\/web\/links\/\" \/>\n<meta property=\"og:locale\" content=\"es_ES\" \/>\n<meta property=\"og:type\" content=\"article\" \/>\n<meta property=\"og:title\" content=\"Links - Sindicato \u00danico de Policias del Uruguay (SUPU)\" \/>\n<meta property=\"og:description\" content=\"Enlaces a sitios de inter\u00e9s.\" \/>\n<meta property=\"og:url\" content=\"http:\/\/sindicatopolicial.uy\/web\/links\/\" \/>\n<meta property=\"og:site_name\" content=\"Sindicato \u00danico de Policias del Uruguay (SUPU)\" \/>\n<meta property=\"article:modified_time\" content=\"2022-08-23T23:32:15+00:00\" \/>\n<meta name=\"twitter:card\" content=\"summary_large_image\" \/>\n<meta name=\"twitter:site\" content=\"@directivasupu\" \/>\n<meta name=\"twitter:label1\" content=\"Tiempo de lectura\" \/>\n\t<meta name=\"twitter:data1\" content=\"1 minuto\" \/>\n<script type=\"application\/ld+json\" class=\"yoast-schema-graph\">{\"@context\":\"https:\/\/schema.org\",\"@graph\":[{\"@type\":\"WebPage\",\"@id\":\"http:\/\/sindicatopolicial.uy\/web\/links\/\",\"url\":\"http:\/\/sindicatopolicial.uy\/web\/links\/\",\"name\":\"Links - Sindicato \u00danico de Policias del Uruguay (SUPU)\",\"isPartOf\":{\"@id\":\"http:\/\/sindicatopolicial.uy\/web\/#website\"},\"datePublished\":\"2013-08-01T22:38:20+00:00\",\"dateModified\":\"2022-08-23T23:32:15+00:00\",\"description\":\"Enlaces a sitios de inter\u00e9s.\",\"breadcrumb\":{\"@id\":\"http:\/\/sindicatopolicial.uy\/web\/links\/#breadcrumb\"},\"inLanguage\":\"es\",\"potentialAction\":[{\"@type\":\"ReadAction\",\"target\":[\"http:\/\/sindicatopolicial.uy\/web\/links\/\"]}]},{\"@type\":\"BreadcrumbList\",\"@id\":\"http:\/\/sindicatopolicial.uy\/web\/links\/#breadcrumb\",\"itemListElement\":[{\"@type\":\"ListItem\",\"position\":1,\"name\":\"Portada\",\"item\":\"http:\/\/sindicatopolicial.uy\/web\/\"},{\"@type\":\"ListItem\",\"position\":2,\"name\":\"Links\"}]},{\"@type\":\"WebSite\",\"@id\":\"http:\/\/sindicatopolicial.uy\/web\/#website\",\"url\":\"http:\/\/sindicatopolicial.uy\/web\/\",\"name\":\"Sindicato \u00danico de Policias del Uruguay (SUPU)\",\"description\":\"Sindicato \u00danico de Policias del Uruguay\",\"publisher\":{\"@id\":\"http:\/\/sindicatopolicial.uy\/web\/#organization\"},\"potentialAction\":[{\"@type\":\"SearchAction\",\"target\":{\"@type\":\"EntryPoint\",\"urlTemplate\":\"http:\/\/sindicatopolicial.uy\/web\/?s={search_term_string}\"},\"query-input\":{\"@type\":\"PropertyValueSpecification\",\"valueRequired\":true,\"valueName\":\"search_term_string\"}}],\"inLanguage\":\"es\"},{\"@type\":\"Organization\",\"@id\":\"http:\/\/sindicatopolicial.uy\/web\/#organization\",\"name\":\"Sindicato \u00danico de Policias del Uruguay\",\"url\":\"http:\/\/sindicatopolicial.uy\/web\/\",\"logo\":{\"@type\":\"ImageObject\",\"inLanguage\":\"es\",\"@id\":\"http:\/\/sindicatopolicial.uy\/web\/#\/schema\/logo\/image\/\",\"url\":\"https:\/\/sindicatopolicial.uy\/web\/wp-content\/uploads\/2013\/07\/logo-supu-300-e1660692515353.png\",\"contentUrl\":\"https:\/\/sindicatopolicial.uy\/web\/wp-content\/uploads\/2013\/07\/logo-supu-300-e1660692515353.png\",\"width\":150,\"height\":150,\"caption\":\"Sindicato \u00danico de Policias del Uruguay\"},\"image\":{\"@id\":\"http:\/\/sindicatopolicial.uy\/web\/#\/schema\/logo\/image\/\"},\"sameAs\":[\"https:\/\/x.com\/directivasupu\"]}]}<\/script>\n<!-- \/ Yoast SEO plugin. -->","yoast_head_json":{"title":"Links - Sindicato \u00danico de Policias del Uruguay (SUPU)","description":"Enlaces a sitios de inter\u00e9s.","robots":{"index":"index","follow":"follow","max-snippet":"max-snippet:-1","max-image-preview":"max-image-preview:large","max-video-preview":"max-video-preview:-1"},"canonical":"http:\/\/sindicatopolicial.uy\/web\/links\/","og_locale":"es_ES","og_type":"article","og_title":"Links - Sindicato \u00danico de Policias del Uruguay (SUPU)","og_description":"Enlaces a sitios de inter\u00e9s.","og_url":"http:\/\/sindicatopolicial.uy\/web\/links\/","og_site_name":"Sindicato \u00danico de Policias del Uruguay (SUPU)","article_modified_time":"2022-08-23T23:32:15+00:00","twitter_card":"summary_large_image","twitter_site":"@directivasupu","twitter_misc":{"Tiempo de lectura":"1 minuto"},"schema":{"@context":"https:\/\/schema.org","@graph":[{"@type":"WebPage","@id":"http:\/\/sindicatopolicial.uy\/web\/links\/","url":"http:\/\/sindicatopolicial.uy\/web\/links\/","name":"Links - Sindicato \u00danico de Policias del Uruguay (SUPU)","isPartOf":{"@id":"http:\/\/sindicatopolicial.uy\/web\/#website"},"datePublished":"2013-08-01T22:38:20+00:00","dateModified":"2022-08-23T23:32:15+00:00","description":"Enlaces a sitios de inter\u00e9s.","breadcrumb":{"@id":"http:\/\/sindicatopolicial.uy\/web\/links\/#breadcrumb"},"inLanguage":"es","potentialAction":[{"@type":"ReadAction","target":["http:\/\/sindicatopolicial.uy\/web\/links\/"]}]},{"@type":"BreadcrumbList","@id":"http:\/\/sindicatopolicial.uy\/web\/links\/#breadcrumb","itemListElement":[{"@type":"ListItem","position":1,"name":"Portada","item":"http:\/\/sindicatopolicial.uy\/web\/"},{"@type":"ListItem","position":2,"name":"Links"}]},{"@type":"WebSite","@id":"http:\/\/sindicatopolicial.uy\/web\/#website","url":"http:\/\/sindicatopolicial.uy\/web\/","name":"Sindicato \u00danico de Policias del Uruguay (SUPU)","description":"Sindicato \u00danico de Policias del Uruguay","publisher":{"@id":"http:\/\/sindicatopolicial.uy\/web\/#organization"},"potentialAction":[{"@type":"SearchAction","target":{"@type":"EntryPoint","urlTemplate":"http:\/\/sindicatopolicial.uy\/web\/?s={search_term_string}"},"query-input":{"@type":"PropertyValueSpecification","valueRequired":true,"valueName":"search_term_string"}}],"inLanguage":"es"},{"@type":"Organization","@id":"http:\/\/sindicatopolicial.uy\/web\/#organization","name":"Sindicato \u00danico de Policias del Uruguay","url":"http:\/\/sindicatopolicial.uy\/web\/","logo":{"@type":"ImageObject","inLanguage":"es","@id":"http:\/\/sindicatopolicial.uy\/web\/#\/schema\/logo\/image\/","url":"https:\/\/sindicatopolicial.uy\/web\/wp-content\/uploads\/2013\/07\/logo-supu-300-e1660692515353.png","contentUrl":"https:\/\/sindicatopolicial.uy\/web\/wp-content\/uploads\/2013\/07\/logo-supu-300-e1660692515353.png","width":150,"height":150,"caption":"Sindicato \u00danico de Policias del Uruguay"},"image":{"@id":"http:\/\/sindicatopolicial.uy\/web\/#\/schema\/logo\/image\/"},"sameAs":["https:\/\/x.com\/directivasupu"]}]}},"_links":{"self":[{"href":"https:\/\/sindicatopolicial.uy\/web\/wp-json\/wp\/v2\/pages\/35","targetHints":{"allow":["GET"]}}],"collection":[{"href":"https:\/\/sindicatopolicial.uy\/web\/wp-json\/wp\/v2\/pages"}],"about":[{"href":"https:\/\/sindicatopolicial.uy\/web\/wp-json\/wp\/v2\/types\/page"}],"author":[{"embeddable":true,"href":"https:\/\/sindicatopolicial.uy\/web\/wp-json\/wp\/v2\/users\/1"}],"replies":[{"embeddable":true,"href":"https:\/\/sindicatopolicial.uy\/web\/wp-json\/wp\/v2\/comments?post=35"}],"version-history":[{"count":19,"href":"https:\/\/sindicatopolicial.uy\/web\/wp-json\/wp\/v2\/pages\/35\/revisions"}],"predecessor-version":[{"id":7256,"href":"https:\/\/sindicatopolicial.uy\/web\/wp-json\/wp\/v2\/pages\/35\/revisions\/7256"}],"wp:attachment":[{"href":"https:\/\/sindicatopolicial.uy\/web\/wp-json\/wp\/v2\/media?parent=35"}],"curies":[{"name":"wp","href":"https:\/\/api.w.org\/{rel}","templated":true}]}}